{"id":3835,"date":"2016-11-01T06:36:27","date_gmt":"2016-11-01T06:36:27","guid":{"rendered":"http:\/\/demo.tokomoo.com\/pustaka\/buku3\/?page_id=3835"},"modified":"2019-02-12T22:02:39","modified_gmt":"2019-02-12T21:02:39","slug":"homepage-v2","status":"publish","type":"page","link":"https:\/\/lemessage.com\/","title":{"rendered":"Homepage v2"},"content":{"rendered":"<p><section data-kc-fullheight=\"middle-content\" class=\"kc-elm kc-css-47333 kc_row fen-bg-overlay\"><div class=\"kc-row-container  kc-container  fen-bg-overlay\"><div class=\"kc-wrap-columns\"><div class=\"kc-elm kc-css-487577 kc_col-sm-12 kc_column kc_col-sm-12\"><div class=\"kc-col-container\"><div class=\"kc-elm kc-css-363807\" style=\"height: 73px; clear: both; width:100%;\"><\/div>\n<div class=\"kc-elm kc-css-122649 kc-animated kc-animate-eff-bounceInLeft kc-animate-delay-200 kc-title-wrap \">\n\n\t<h1 class=\"kc_title pustaka-custom-css-head-title-1\">Susciter, soutenir et faire d\u00e9couvrir <\/h1>\n<\/div>\n\n<div class=\"kc-elm kc-css-140755 kc-animated kc-animate-eff-bounceInRight kc-animate-delay-300 kc-title-wrap \">\n\n\t<h2 class=\"kc_title pustaka-custom-css-head-title-2\">Transmission, Patrimoine, H\u00e9ritage<\/h2>\n<\/div>\n<\/div><\/div><\/div><\/div><\/section><section data-kc-equalheight=\"true\" data-kc-equalheight-align=\"middle\" class=\"kc-elm kc-css-390132 kc_row\"><div class=\"kc-row-container  kc-container\"><div class=\"kc-wrap-columns\"><div class=\"kc-elm kc-css-118412 kc_col-sm-6 kc_column kc_col-sm-6\"><div class=\"kc-col-container\"><div class=\"kc-elm kc-css-414129 kc-icon-wrapper\">\n\t\t<i class=\"ti-bookmark-alt\"><\/i>\n\t<\/div>\n<div class=\"kc-elm kc-css-837936 kc_text_block\"><\/p>\n<p style=\"text-align: left;\">Jd\u00fbd<br \/>\nPortraits d&rsquo;une g\u00e9n\u00e9ration<\/p>\n<p>\n<\/div><div class=\"kc-elm kc-css-111183 kc_text_block\"><\/p>\n<p>\u00ab Grands-parents \u00bb, Jd\u00fbd en arabe, c\u2019est d\u2019abord une volont\u00e9 de transmettre les traces d\u2019un pass\u00e9 r\u00e9volu, celui d\u2019une g\u00e9n\u00e9ration de femmes et d\u2019hommes n\u00e9s en Alg\u00e9rie dans le premier tiers du vingti\u00e8me si\u00e8cle.<\/p>\n<p>Au total, sur trois s\u00e9jours r\u00e9alis\u00e9s entre 1990 et 1993 ce sont pr\u00e8s de 400 portraits qui ont \u00e9t\u00e9 r\u00e9alis\u00e9s.<\/p>\n<p>Vingt ans apr\u00e8s est n\u00e9e l\u2019id\u00e9e d\u2019un livre.<\/p>\n<p>\n<\/div>\n<div class=\"kc-elm kc-css-372285 kc-pro-button kc-button-1\">\n\t<a href=\"https:\/\/lemessage.biz\/index.php\/produit\/jdud-portraits-dune-generation\/\">\n\t\t<span class=\"creative_title\">Voir le produit<\/span>\t<\/a>\n<\/div>\n<\/div><\/div><div class=\"kc-elm kc-css-543989 kc_col-sm-6 kc_column kc_col-sm-6\"><div class=\"kc-col-container\"><div class=\"kc-elm kc-css-408310 kc_shortcode kc_single_image\">\n\n        <img decoding=\"async\" src=\"https:\/\/lemessage.com\/wp-content\/uploads\/2018\/09\/Couverture-GP.jpg\" class=\"\" alt=\"\" \/>    <\/div>\n<\/div><\/div><\/div><\/div><\/section><section data-kc-equalheight=\"true\" data-kc-equalheight-align=\"middle\" class=\"kc-elm kc-css-343824 kc_row\"><div class=\"kc-row-container  kc-container\"><div class=\"kc-wrap-columns\"><div class=\"kc-elm kc-css-816125 kc_col-sm-6 kc_column kc_col-sm-6\"><div class=\"kc-col-container\"><div class=\"kc-elm kc-css-555785 kc-icon-wrapper\">\n\t\t<i class=\"ti-bookmark-alt\"><\/i>\n\t<\/div>\n<div class=\"kc-elm kc-css-632055 kc_text_block\"><\/p>\n<p>SOUFFLE NOMADE<br \/>\nsur les pas d\u2019Isabelle&#8230;<\/p>\n<p>\n<\/div><div class=\"kc-elm kc-css-470455 kc_text_block\"><\/p>\n<p><em>Livre \u00e0 para\u00eetre en Janvier 2019<\/em><\/p>\n<p>\n<\/div><div class=\"kc-elm kc-css-605997 kc_text_block\"><\/p>\n<p>L&rsquo;appareil photographique en bandouli\u00e8re, le photographe Nordine Chakri est parti sur les traces de l&rsquo;\u00e9crivain-voyageur Isabelle Eberhardt (1877-1904). Au cours d\u2019un p\u00e9riple de plusieurs ann\u00e9es, il a tiss\u00e9 avec l\u2019auteure du recueil <em>Au pays des sables<\/em> une relation forte pour ne pas dire intime.<\/p>\n<p>Ses photographies sont des fragments d\u2019une histoire en miroir qui \u00e9voquent la femme \u00e9prise de libert\u00e9, mais \u00e9galement une oeuvre litt\u00e9raire p\u00e9n\u00e9trante tant elle est port\u00e9e par une qu\u00eate du myst\u00e8re de la vie.<\/p>\n<p>Con\u00e7u comme un dialogue entre l&rsquo;\u00e9crivain-voyageur et le photographe, ce livre comprend des photographies couleurs et des extraits tir\u00e9s de <em>Mes journaliers<\/em> et des nouvelles d&rsquo;Isabelle Eberhardt.<\/p>\n<p>\n<\/div>\n<div class=\"kc-elm kc-css-923595 kc-pro-button kc-button-1\">\n\t<a href=\"https:\/\/lemessage.biz\/index.php\/produit\/souffle-nomade-sur-les-pas-disabelle-eberhardt\/\">\n\t\t<span class=\"creative_title\">Voir le produit<\/span>\t<\/a>\n<\/div>\n<\/div><\/div><div class=\"kc-elm kc-css-183739 kc_col-sm-6 kc_column kc_col-sm-6\"><div class=\"kc-col-container\"><div class=\"kc-elm kc-css-217167 kc_shortcode kc_single_image\">\n\n        <img decoding=\"async\" src=\"https:\/\/lemessage.com\/wp-content\/uploads\/2018\/09\/Couverture-Eber.jpg\" class=\"\" alt=\"\" \/>    <\/div>\n<\/div><\/div><\/div><\/div><\/section><section data-kc-equalheight=\"true\" data-kc-equalheight-align=\"middle\" class=\"kc-elm kc-css-135963 kc_row\"><div class=\"kc-row-container  kc-container\"><div class=\"kc-wrap-columns\"><div class=\"kc-elm kc-css-151602 kc_col-sm-12 kc_column kc_col-sm-12\"><div class=\"kc-col-container\">\n<div class=\"kc-elm kc-css-138543 kc-title-wrap \">\n\n\t<h3 class=\"kc_title\"><a href=\"#\" class=\"kc_title_link\" title=\"\" target=\"\">NOUVEAUT\u00c9S<\/a><\/h3>\n<\/div>\n\n<div class=\"kc-elm kc-css-306965 divider_line\">\n\t<div class=\"divider_inner divider_line1\">\n\t\t\t<\/div>\n<\/div>\n<div class=\"kc-elm kc-css-477196\" style=\"height: 20px; clear: both; width:100%;\"><\/div><div class=\"kc-elm kc-css-741851 kc_row kc_row_inner\"><div class=\"kc-elm kc-css-560604 kc_col-sm-6 kc_column_inner kc_col-sm-6\"><div class=\"kc_wrapper kc-col-inner-container\"><div class=\"kc-elm kc-css-991215 kc_shortcode kc_single_image\">\n\n        <img decoding=\"async\" src=\"https:\/\/lemessage.com\/wp-content\/uploads\/2018\/09\/Couv_ckb_0518.jpg\" class=\"\" alt=\"\" \/>    <\/div>\n<\/div><\/div><div class=\"kc-elm kc-css-895381 kc_col-sm-6 kc_column_inner kc_col-sm-6\"><div class=\"kc_wrapper kc-col-inner-container\">\n<div class=\"kc-elm kc-css-612520 kc-title-wrap \">\n\n\t<h2 class=\"kc_title\">Islam et Occident : plaidoyer pour le vivre-ensemble<\/h2>\n<\/div>\n\n<div class=\"kc-elm kc-css-738765 divider_line\">\n\t<div class=\"divider_inner divider_line1\">\n\t\t\t<\/div>\n<\/div>\n\n<div class=\"kc-elm kc-css-766177 kc-title-wrap \">\n\n\t<h5 class=\"kc_title\">Cheikh Khaled Bentounes<\/h5>\n<\/div>\n<div class=\"kc-elm kc-css-619023 kc_text_block\"><\/p>\n<p>On a cr\u00e9\u00e9 des acad\u00e9mies militaires mais pas d\u2019acad\u00e9mies de paix, on enseigne l\u2019art de la guerre mais enseigne-t-on la paix ?<\/p>\n<p>La paix est une valeur inestimable. Encore faut-il s\u2019y investir, se donner les moyens et s\u2019en pr\u00e9occuper au quotidien dans notre relation aux autres et afin de transmettre la culture de paix \u00e0 nos enfants.<\/p>\n<p>La paix, devenue sous la plume du Cheikh Khaled Bentounes r\u00e9alit\u00e9 incontournable, doit \u00eatre un moyen de transformer nos consciences pour humaniser et harmoniser le monde.<\/p>\n<p>Il ne peut donc y avoir d\u2019avenir que si religieux et non religieux, croyants et non croyants, se transforment en t\u00e9moins et porteurs de paix.<\/p>\n<p>\n<\/div>\n<div class=\"kc-elm kc-css-858406 kc-pro-button kc-button-1\">\n\t<a href=\"https:\/\/lemessage.biz\/index.php\/produit\/islam-et-occident-plaidoyer-pour-le-vivre-ensemble\/\">\n\t\t<span class=\"creative_title\">Voir le produit<\/span>\t<\/a>\n<\/div>\n<\/div><\/div><\/div><\/div><\/div><\/div><\/div><\/section><section class=\"kc-elm kc-css-1988 kc-animated kc-animate-eff-fadeInUp kc_row\"><div class=\"kc-row-container  kc-container\"><div class=\"kc-wrap-columns\"><div class=\"kc-elm kc-css-473659 kc_col-sm-12 kc_column kc_col-sm-12\"><div class=\"kc-col-container\">\n<div class=\"kc-elm kc-css-185341 kc-title-wrap \">\n\n\t<h3 class=\"kc_title\"><a href=\"#\" class=\"kc_title_link\" title=\"\" target=\"\">NOTRE SELECTION<\/a><\/h3>\n<\/div>\n\n<div class=\"kc-elm kc-css-751106 divider_line\">\n\t<div class=\"divider_inner divider_line1\">\n\t\t\t<\/div>\n<\/div>\n<div class=\"kc-elm kc-css-88160 kc_row kc_row_inner\"><div class=\"kc-elm kc-css-383096 kc_col-sm-10 kc_column_inner kc_col-sm-10\"><div class=\"kc_wrapper kc-col-inner-container\">[pustaka_products columns=\u00a0\u00bb4&Prime; limit=\u00a0\u00bb4&Prime; show_product=\u00a0\u00bbfeatured\u00a0\u00bb orderby=\u00a0\u00bbdate\u00a0\u00bb order=\u00a0\u00bbASC\u00a0\u00bb _id=\u00a0\u00bb677691&Prime; product_type=\u00a0\u00bball\u00a0\u00bb]<\/div><\/div><div class=\"kc-elm kc-css-850147 kc_col-of-5 kc_column_inner kc_col-of-5\"><div class=\"kc_wrapper kc-col-inner-container\"><div class=\"widget woocommerce-top-product kc-elm kc-css-784961\"><ul class=\"product_list_widget \"><\/ul><\/div><\/div><\/div><\/div><\/div><\/div><\/div><\/div><\/section><section data-kc-equalheight=\"true\" data-kc-equalheight-align=\"middle\" class=\"kc-elm kc-css-830814 kc-animate-speed-3s kc_row\"><div class=\"kc-row-container  kc-container\"><div class=\"kc-wrap-columns\"><div class=\"kc-elm kc-css-778119 kc_col-sm-12 kc_column kc_col-sm-12\"><div class=\"kc-col-container\">\n<div class=\"kc-elm kc-css-946615 kc-testimo kc-testi-layout-1\">\n\n\t<figure class=\"content-image\"><img decoding=\"async\" src=\"\" alt=\"\"><\/figure><div class=\"content-desc\">\"Mercedem aut nummos unde unde extricat, amaras. Quam temere in vitiis, legem sancimus haerentia.\"<\/div><div class=\"content-title\">Franz William Burton<\/div><div class=\"content-position\">Lead Manager<\/div>\n<\/div>\n<\/div><\/div><\/div><\/div><\/section><section data-kc-equalheight=\"true\" data-kc-equalheight-align=\"middle\" class=\"kc-elm kc-css-846488 kc-animate-speed-3s kc_row\"><div class=\"kc-row-container  kc-container\"><div class=\"kc-wrap-columns\"><div class=\"kc-elm kc-css-685697 kc_col-of-5 kc_column kc_col-of-5\"><div class=\"kc-col-container\">\n<div class=\"kc-elm kc-css-965966 kc-title-wrap \">\n\n\t<h2 class=\"kc_title\">NEWSLETTER<\/h2>\n<\/div>\n<\/div><\/div><div class=\"kc-elm kc-css-58813 kc_col-sm-5 kc_column kc_col-sm-5\"><div class=\"kc-col-container\"><div class=\"kc-elm kc-css-146904 kc_text_block\"><\/p>\n<p style=\"text-align: center;\">Subcribe to our nwsletter to get the most recent news and updates. Also we occasionally throw some free books.<\/p>\n<p>\n<\/div><\/div><\/div><div class=\"kc-elm kc-css-292390 kc_col-sm-4 kc_column kc_col-sm-4\"><div class=\"kc-col-container\">[pustaka_mailchimp _id=\u00a0\u00bb47412&Prime; section-title-style=\u00a0\u00bb{`kc-css`:{`any`:{`typography`:{`color|`:`#ffffff`},`background`:{`background|`:`eyJjb2xvciI6InRyYW5zcGFyZW50IiwibGluZWFyR3JhZGllbnQiOlsiIl0sImltYWdlIjoibm9uZSIsInBvc2l0aW9uIjoiMCUgMCUiLCJzaXplIjoiYXV0byIsInJlcGVhdCI6InJlcGVhdCIsImF0dGFjaG1lbnQiOiJzY3JvbGwiLCJhZHZhbmNlZCI6MH0=`},`box`:{`padding|`:`inherit 50px inherit 50px`}}}}\u00a0\u00bb section_title=\u00a0\u00bb__empty__\u00a0\u00bb section_sub_title=\u00a0\u00bb__empty__\u00a0\u00bb position=\u00a0\u00bb__empty__\u00a0\u00bb]<\/div><\/div><\/div><\/div><\/section><section class=\"kc-elm kc-css-301763 kc_row\"><div class=\"kc-row-container  kc-container\"><div class=\"kc-wrap-columns\"><\/div><\/div><\/section><\/p>\n","protected":false},"excerpt":{"rendered":"","protected":false},"author":1,"featured_media":0,"parent":0,"menu_order":0,"comment_status":"closed","ping_status":"closed","template":"templates\/composer.php","meta":{"footnotes":""},"class_list":["post-3835","page","type-page","status-publish","hentry"],"_links":{"self":[{"href":"https:\/\/lemessage.com\/index.php\/wp-json\/wp\/v2\/pages\/3835","targetHints":{"allow":["GET"]}}],"collection":[{"href":"https:\/\/lemessage.com\/index.php\/wp-json\/wp\/v2\/pages"}],"about":[{"href":"https:\/\/lemessage.com\/index.php\/wp-json\/wp\/v2\/types\/page"}],"author":[{"embeddable":true,"href":"https:\/\/lemessage.com\/index.php\/wp-json\/wp\/v2\/users\/1"}],"replies":[{"embeddable":true,"href":"https:\/\/lemessage.com\/index.php\/wp-json\/wp\/v2\/comments?post=3835"}],"version-history":[{"count":39,"href":"https:\/\/lemessage.com\/index.php\/wp-json\/wp\/v2\/pages\/3835\/revisions"}],"predecessor-version":[{"id":4518,"href":"https:\/\/lemessage.com\/index.php\/wp-json\/wp\/v2\/pages\/3835\/revisions\/4518"}],"wp:attachment":[{"href":"https:\/\/lemessage.com\/index.php\/wp-json\/wp\/v2\/media?parent=3835"}],"curies":[{"name":"wp","href":"https:\/\/api.w.org\/{rel}","templated":true}]}}