{"id":15,"date":"2016-12-13T18:14:13","date_gmt":"2016-12-13T17:14:13","guid":{"rendered":"http:\/\/lemessage.biz\/shop\/?post_type=product&#038;p=15"},"modified":"2018-10-23T22:45:38","modified_gmt":"2018-10-23T20:45:38","slug":"symphonie-celeste","status":"publish","type":"product","link":"https:\/\/lemessage.com\/index.php\/produit\/symphonie-celeste\/","title":{"rendered":"Symphonie C\u00e9leste"},"content":{"rendered":"","protected":false},"excerpt":{"rendered":"<p>Le sam\u00e2`, l&rsquo;art du chant spirituel, est l&rsquo;une des pratiques les plus visibles du soufisme, mais ce n&rsquo;est pas forc\u00e9ment la mieux connue. Qu&rsquo;il s&rsquo;agisse d&rsquo;exprimer un ineffable \u00e9tat spirituel de contemplation de la r\u00e9alit\u00e9 divine, de chanter l&rsquo;amour de Dieu, du Proph\u00e8te ou des hommes de Dieu, cet art m\u00eale inextricablement doctrine, m\u00e9thode et \u00e9motion, l&rsquo;enveloppe musicale servant de v\u00e9hicule \u00e0 des \u00e9tats spirituels d&rsquo;un tout autre ordre.<\/p>\n","protected":false},"featured_media":4458,"comment_status":"open","ping_status":"closed","template":"","meta":[],"product_brand":[],"product_cat":[76],"product_tag":[101,98],"class_list":{"0":"post-15","1":"product","2":"type-product","3":"status-publish","4":"has-post-thumbnail","6":"product_cat-cd","7":"product_tag-nos-exclusivites","8":"product_tag-produits-lemessage","10":"first","11":"instock","12":"taxable","13":"shipping-taxable","14":"purchasable","15":"product-type-simple"},"_links":{"self":[{"href":"https:\/\/lemessage.com\/index.php\/wp-json\/wp\/v2\/product\/15","targetHints":{"allow":["GET"]}}],"collection":[{"href":"https:\/\/lemessage.com\/index.php\/wp-json\/wp\/v2\/product"}],"about":[{"href":"https:\/\/lemessage.com\/index.php\/wp-json\/wp\/v2\/types\/product"}],"replies":[{"embeddable":true,"href":"https:\/\/lemessage.com\/index.php\/wp-json\/wp\/v2\/comments?post=15"}],"wp:featuredmedia":[{"embeddable":true,"href":"https:\/\/lemessage.com\/index.php\/wp-json\/wp\/v2\/media\/4458"}],"wp:attachment":[{"href":"https:\/\/lemessage.com\/index.php\/wp-json\/wp\/v2\/media?parent=15"}],"wp:term":[{"taxonomy":"product_brand","embeddable":true,"href":"https:\/\/lemessage.com\/index.php\/wp-json\/wp\/v2\/product_brand?post=15"},{"taxonomy":"product_cat","embeddable":true,"href":"https:\/\/lemessage.com\/index.php\/wp-json\/wp\/v2\/product_cat?post=15"},{"taxonomy":"product_tag","embeddable":true,"href":"https:\/\/lemessage.com\/index.php\/wp-json\/wp\/v2\/product_tag?post=15"}],"curies":[{"name":"wp","href":"https:\/\/api.w.org\/{rel}","templated":true}]}}