{"id":19,"date":"2016-12-13T19:15:23","date_gmt":"2016-12-13T18:15:23","guid":{"rendered":"http:\/\/lemessage.biz\/shop\/?post_type=product&#038;p=19"},"modified":"2022-12-23T11:47:26","modified_gmt":"2022-12-23T10:47:26","slug":"islam-voix-de-femmes","status":"publish","type":"product","link":"https:\/\/lemessage.com\/index.php\/produit\/islam-voix-de-femmes\/","title":{"rendered":"Islam, voix de femmes"},"content":{"rendered":"<p><i class=\"koo-icon-add-bag\" \"><\/i>Production : AISA ONG Internationale<\/p>\n<p>Auteurs : Boualem Gueritli, Didier Bourg<br \/>\nDur\u00e9e : 52mn<\/p>\n","protected":false},"excerpt":{"rendered":"<p><span id=\"fbPhotoPageCaption\" class=\"fbPhotosPhotoCaption\">Il est difficile de questionner le statut des femmes dans le Coran sans provoquer des pol\u00e9miques ou de s\u2019interroger sur leur condition dans le monde musulman sans que les st\u00e9r\u00e9otypes et les proc\u00e8s d\u2019intention ne viennent entraver la d\u00e9marche du chercheur.<br \/>\n<\/span><\/p>\n<p><span class=\"fbPhotosPhotoCaption\"><span class=\"hasCaption\">C\u2019est pourtant l\u2019ambition de ce film que de donner \u00e0 voir et \u00e0 comprendre les enjeux autour de cette th\u00e9matique des femmes et de l\u2019Islam, en met<span class=\"text_exposed_show\">tant en \u00e9vidence les convergences qui peuvent r\u00e9unir f\u00e9ministes et th\u00e9ologiens, partisans de la raison et adeptes de la spiritualit\u00e9 soufie.<br \/>\nD\u00e8s les d\u00e9but de l\u2019islam, les femmes ont tenu des r\u00f4les majeurs dans l\u2019\u00e9laboration de la doctrine musulmane et dans la pratique de la foi. Le proph\u00e8te Mohammed lui-m\u00eame a ouvert des voies souvent insoup\u00e7onn\u00e9es et oubli\u00e9es aujourd\u2019hui. Des femmes \u00e9taient alors imams, ex\u00e9g\u00e8tes r\u00e9put\u00e9es, guides spirituels &#8230;<br \/>\n<\/span><\/span><\/span><\/p>\n<p><span class=\"fbPhotosPhotoCaption\">Ce film \u00e0 vocation p\u00e9dagogique sonde le Coran, questionne la th\u00e9ologie, interroge l\u2019histoire, interpelle le patriarcat et les responsabilit\u00e9s politiques pour comprendre le sens des relations entre hommes et femmes en islam et ouvrir d\u2019enthousiasmantes perspectives d\u2019avenir pour l\u2019\u00e9galit\u00e9 des sexes.<br \/>\n<\/span><\/p>\n<p><span class=\"fbPhotosPhotoCaption\">Un document exceptionnel avec notamment\u00a0 : Wassyla Tamzali, Iqbal Gharbi, Fatma Oussedik, Cheikha Nur, Tareq Oubrou, Cheikh Khaled Bentounes &#8230;<\/span><\/p>\n","protected":false},"featured_media":4456,"comment_status":"open","ping_status":"closed","template":"","meta":[],"product_brand":[],"product_cat":[97],"product_tag":[101],"class_list":{"0":"post-19","1":"product","2":"type-product","3":"status-publish","4":"has-post-thumbnail","6":"product_cat-dvd-documents","7":"product_tag-nos-exclusivites","9":"first","10":"instock","11":"taxable","12":"shipping-taxable","13":"purchasable","14":"product-type-simple"},"_links":{"self":[{"href":"https:\/\/lemessage.com\/index.php\/wp-json\/wp\/v2\/product\/19","targetHints":{"allow":["GET"]}}],"collection":[{"href":"https:\/\/lemessage.com\/index.php\/wp-json\/wp\/v2\/product"}],"about":[{"href":"https:\/\/lemessage.com\/index.php\/wp-json\/wp\/v2\/types\/product"}],"replies":[{"embeddable":true,"href":"https:\/\/lemessage.com\/index.php\/wp-json\/wp\/v2\/comments?post=19"}],"wp:featuredmedia":[{"embeddable":true,"href":"https:\/\/lemessage.com\/index.php\/wp-json\/wp\/v2\/media\/4456"}],"wp:attachment":[{"href":"https:\/\/lemessage.com\/index.php\/wp-json\/wp\/v2\/media?parent=19"}],"wp:term":[{"taxonomy":"product_brand","embeddable":true,"href":"https:\/\/lemessage.com\/index.php\/wp-json\/wp\/v2\/product_brand?post=19"},{"taxonomy":"product_cat","embeddable":true,"href":"https:\/\/lemessage.com\/index.php\/wp-json\/wp\/v2\/product_cat?post=19"},{"taxonomy":"product_tag","embeddable":true,"href":"https:\/\/lemessage.com\/index.php\/wp-json\/wp\/v2\/product_tag?post=19"}],"curies":[{"name":"wp","href":"https:\/\/api.w.org\/{rel}","templated":true}]}}