{"id":4447,"date":"2018-09-29T10:37:59","date_gmt":"2018-09-29T08:37:59","guid":{"rendered":"https:\/\/lemessage.biz\/shop\/?post_type=product&#038;p=4447"},"modified":"2022-12-23T11:48:42","modified_gmt":"2022-12-23T10:48:42","slug":"jdud-portraits-dune-generation","status":"publish","type":"product","link":"https:\/\/lemessage.com\/index.php\/produit\/jdud-portraits-dune-generation\/","title":{"rendered":"Jd\u00fbd, portraits d&rsquo;une g\u00e9n\u00e9ration"},"content":{"rendered":"<ul>\n<li><b>Reliure :\u00a0<\/b>Broch\u00e9<\/li>\n<li>110\u00a0\u00a0pages<\/li>\n<li><b>Dimensions :<\/b>\u00a0 21 x 21 cm<\/li>\n<li><b>Poids\u00a0:<\/b>\u00a0222.3g<\/li>\n<li><b>\u00c9diteur\u00a0:<\/b>\u00a0\u00a0\u00a0Editions lemessage<\/li>\n<li><b>Paru le<\/b>\u00a0:\u00a0\u00a014 septembre 2018<\/li>\n<li><b>Collection\u00a0:<\/b>\u00a0Arts t\u00e9moins<\/li>\n<li><b>ISBN :<\/b>\u00a09782956342403<\/li>\n<li><b>EAN13 :<\/b>\u00a09782956342403<\/li>\n<li><b>Langue\u00a0:<\/b>\u00a0Fran\u00e7ais<\/li>\n<\/ul>\n","protected":false},"excerpt":{"rendered":"<p>\u00ab Grands-parents \u00bb, Jd\u00fbd en arabe, c\u2019est d\u2019abord une volont\u00e9 de transmettre les traces d\u2019un pass\u00e9 r\u00e9volu, celui d\u2019une g\u00e9n\u00e9ration de femmes et d\u2019hommes n\u00e9s en Alg\u00e9rie dans le premier tiers du vingti\u00e8me si\u00e8cle.<br \/>\nAu total, sur trois s\u00e9jours r\u00e9alis\u00e9s entre 1990 et 1993 ce sont pr\u00e8s de 400 portraits qui ont \u00e9t\u00e9 r\u00e9alis\u00e9s.Publi\u00e9 par les \u00e9ditions lemessage dans la collection \u00ab Arts t\u00e9moins \u00bb, Jd\u00fbd, portrait d\u2019une g\u00e9n\u00e9ration est d\u2019abord un projet collectif de personnes qui ont eu envie que le livre existe. Leur v\u0153u s\u2019est r\u00e9alis\u00e9. Le livre contient une s\u00e9lection de 87 portraits, un texte t\u00e9moignage de l\u2019auteur et une pr\u00e9face de Brigitte Ollier.<\/p>\n","protected":false},"featured_media":4408,"comment_status":"open","ping_status":"closed","template":"","meta":[],"product_brand":[],"product_cat":[93],"product_tag":[101,98],"class_list":{"0":"post-4447","1":"product","2":"type-product","3":"status-publish","4":"has-post-thumbnail","6":"product_cat-livres","7":"product_tag-nos-exclusivites","8":"product_tag-produits-lemessage","9":"book_author-ahmed-bouyerdene","10":"book_publisher-lemessage-editions","12":"first","13":"instock","14":"taxable","15":"shipping-taxable","16":"purchasable","17":"product-type-simple"},"_links":{"self":[{"href":"https:\/\/lemessage.com\/index.php\/wp-json\/wp\/v2\/product\/4447","targetHints":{"allow":["GET"]}}],"collection":[{"href":"https:\/\/lemessage.com\/index.php\/wp-json\/wp\/v2\/product"}],"about":[{"href":"https:\/\/lemessage.com\/index.php\/wp-json\/wp\/v2\/types\/product"}],"replies":[{"embeddable":true,"href":"https:\/\/lemessage.com\/index.php\/wp-json\/wp\/v2\/comments?post=4447"}],"wp:featuredmedia":[{"embeddable":true,"href":"https:\/\/lemessage.com\/index.php\/wp-json\/wp\/v2\/media\/4408"}],"wp:attachment":[{"href":"https:\/\/lemessage.com\/index.php\/wp-json\/wp\/v2\/media?parent=4447"}],"wp:term":[{"taxonomy":"product_brand","embeddable":true,"href":"https:\/\/lemessage.com\/index.php\/wp-json\/wp\/v2\/product_brand?post=4447"},{"taxonomy":"product_cat","embeddable":true,"href":"https:\/\/lemessage.com\/index.php\/wp-json\/wp\/v2\/product_cat?post=4447"},{"taxonomy":"product_tag","embeddable":true,"href":"https:\/\/lemessage.com\/index.php\/wp-json\/wp\/v2\/product_tag?post=4447"}],"curies":[{"name":"wp","href":"https:\/\/api.w.org\/{rel}","templated":true}]}}