{"id":4451,"date":"2018-09-29T11:19:35","date_gmt":"2018-09-29T09:19:35","guid":{"rendered":"https:\/\/lemessage.biz\/shop\/?post_type=product&#038;p=4451"},"modified":"2022-12-23T11:48:57","modified_gmt":"2022-12-23T10:48:57","slug":"souffle-nomade-sur-les-pas-disabelle-eberhardt","status":"publish","type":"product","link":"https:\/\/lemessage.com\/index.php\/produit\/souffle-nomade-sur-les-pas-disabelle-eberhardt\/","title":{"rendered":"Souffle nomade, sur les pas d\u2019Isabelle&#8230;"},"content":{"rendered":"<ul>\n<li><b>Reliure :\u00a0<\/b>Broch\u00e9<\/li>\n<li>106\u00a0 pages<\/li>\n<li><b>Dimensions :<\/b>\u00a0 15 x 21 cm<\/li>\n<li><b>\u00c9diteur\u00a0:<\/b>\u00a0\u00a0\u00a0Editions lemessage<\/li>\n<li><b>Paru le<\/b>\u00a0:\u00a0\u00a0janvier 2019<\/li>\n<li><b>Collection\u00a0:<\/b>\u00a0Arts t\u00e9moins<\/li>\n<li><b>ISBN :<\/b> 978-2-9563424-1-0<\/li>\n<li><b>EAN13 :<\/b> 9782956342410<\/li>\n<li><b>Langue\u00a0:<\/b>\u00a0Fran\u00e7ais<\/li>\n<\/ul>\n","protected":false},"excerpt":{"rendered":"<p>Plus d\u2019un si\u00e8cle apr\u00e8s, le photographe, nous restitue l\u00e0 une v\u00e9rit\u00e9 essentielle du personnage, et r\u00e9anime la puissance de ce \u00ab souffle nomade \u00bb. Comment y est-il parvenu ? Il est parti \u00e0 son tour et en retrouvant les lieux o\u00f9 la baroudeuse mystique a v\u00e9cu, aussi dissemblables que la ville opulente de Gen\u00e8ve ou les dunes blanches du Souf et la sobri\u00e9t\u00e9 des zaou\u00efa du sud, par amour les traces de la fluidit\u00e9 d\u2019Isabelle Eberhardt se sont r\u00e9v\u00e9l\u00e9es. Comme la magie du clich\u00e9 qui appara\u00eet au d\u00e9veloppement dans le bac du r\u00e9v\u00e9lateur. Rarement la photo n\u2019a \u00e9t\u00e9 aussi proche du personnage et de ses \u00e9crits.<\/p>\n<p>Extrait de la pr\u00e9face de Jean Ren\u00e9 Huleu<\/p>\n<p>Cet ouvrage est en pr\u00e9vente<\/p>\n","protected":false},"featured_media":4412,"comment_status":"open","ping_status":"closed","template":"","meta":[],"product_brand":[],"product_cat":[93],"product_tag":[101,98],"class_list":{"0":"post-4451","1":"product","2":"type-product","3":"status-publish","4":"has-post-thumbnail","6":"product_cat-livres","7":"product_tag-nos-exclusivites","8":"product_tag-produits-lemessage","9":"book_author-nordine-chakri","10":"book_publisher-lemessage-editions","12":"first","13":"instock","14":"taxable","15":"shipping-taxable","16":"purchasable","17":"product-type-simple"},"_links":{"self":[{"href":"https:\/\/lemessage.com\/index.php\/wp-json\/wp\/v2\/product\/4451","targetHints":{"allow":["GET"]}}],"collection":[{"href":"https:\/\/lemessage.com\/index.php\/wp-json\/wp\/v2\/product"}],"about":[{"href":"https:\/\/lemessage.com\/index.php\/wp-json\/wp\/v2\/types\/product"}],"replies":[{"embeddable":true,"href":"https:\/\/lemessage.com\/index.php\/wp-json\/wp\/v2\/comments?post=4451"}],"wp:featuredmedia":[{"embeddable":true,"href":"https:\/\/lemessage.com\/index.php\/wp-json\/wp\/v2\/media\/4412"}],"wp:attachment":[{"href":"https:\/\/lemessage.com\/index.php\/wp-json\/wp\/v2\/media?parent=4451"}],"wp:term":[{"taxonomy":"product_brand","embeddable":true,"href":"https:\/\/lemessage.com\/index.php\/wp-json\/wp\/v2\/product_brand?post=4451"},{"taxonomy":"product_cat","embeddable":true,"href":"https:\/\/lemessage.com\/index.php\/wp-json\/wp\/v2\/product_cat?post=4451"},{"taxonomy":"product_tag","embeddable":true,"href":"https:\/\/lemessage.com\/index.php\/wp-json\/wp\/v2\/product_tag?post=4451"}],"curies":[{"name":"wp","href":"https:\/\/api.w.org\/{rel}","templated":true}]}}