{"id":4461,"date":"2018-09-29T12:37:42","date_gmt":"2018-09-29T10:37:42","guid":{"rendered":"https:\/\/lemessage.biz\/shop\/?post_type=product&#038;p=4461"},"modified":"2022-12-30T12:37:39","modified_gmt":"2022-12-30T11:37:39","slug":"islam-et-occident-plaidoyer-pour-le-vivre-ensemble","status":"publish","type":"product","link":"https:\/\/lemessage.com\/index.php\/produit\/islam-et-occident-plaidoyer-pour-le-vivre-ensemble\/","title":{"rendered":"Islam et Occident : plaidoyer pour le vivre-ensemble"},"content":{"rendered":"<ul>\n<li><b>Reliure :\u00a0<\/b>Poche<\/li>\n<li>192\u00a0 pages<\/li>\n<li><b>Dimensions :<\/b>\u00a014.7 x 21.0 cm<\/li>\n<li><b>Editeur\u00a0:<\/b>\u00a0\u00a0\u00a0Editions Jouvence<\/li>\n<li><b>Paru le<\/b>\u00a0:\u00a0 2018<\/li>\n<li><b>Collection\u00a0:<\/b>\u00a0Questions de soci\u00e9t\u00e9<\/li>\n<li><b>ISBN :<\/b>\u00a0 978-2-88911-993-6<\/li>\n<li><b>EAN13 :<\/b>\u00a0 9782889119936<\/li>\n<li><b>Classe Dewey\u00a0:<\/b>\u00a0 297.4<\/li>\n<li><b>Langue\u00a0:<\/b>\u00a0Fran\u00e7ais<\/li>\n<\/ul>\n","protected":false},"excerpt":{"rendered":"<p>On a cr\u00e9\u00e9 des acad\u00e9mies militaires mais pas d\u2019acad\u00e9mies de paix, on enseigne l\u2019art de la guerre mais enseigne-t-on la paix ?<\/p>\n<p>La paix est une valeur inestimable. Encore faut-il s\u2019y investir, se donner les moyens et s\u2019en pr\u00e9occuper au quotidien dans notre relation aux autres et afin de transmettre la culture de paix \u00e0 nos enfants.<\/p>\n<p>La paix, devenue sous la plume du Cheikh Khaled Bentounes r\u00e9alit\u00e9 incontournable, doit \u00eatre un moyen de transformer nos consciences pour humaniser et harmoniser le monde.<\/p>\n<p>Il ne peut donc y avoir d\u2019avenir que si religieux et non religieux, croyants et non croyants, se transforment en t\u00e9moins et porteurs de paix.<\/p>\n<p>Quand les soufis disent : \u00ab L\u2019\u00eatre humain est le fils de l\u2019instant \u00bb cela signifie simplement que la v\u00e9rit\u00e9 est \u00e0 vivre dans l\u2019instant et non \u00e0 remettre au lendemain.<\/p>\n<p>Cette culture de paix, c\u2019est toute une transformation de l\u2019\u00eatre. Pour y parvenir, l\u2019une des premi\u00e8res conditions, consiste \u00e0 passer de la culture du \u00ab je \u00bb, du \u00ab moi-je \u00bb, \u00e0 celle du \u00ab nous \u00bb pour enfin abandonner : \u00ab moi, l\u2019occidental \u00bb, \u00ab moi, l\u2019oriental \u00bb, \u00ab moi, le musulman \u00bb, \u00ab moi, le chr\u00e9tien, le juif ou le bouddhiste\u2026 \u00bb.<\/p>\n","protected":false},"featured_media":4430,"comment_status":"open","ping_status":"closed","template":"","meta":[],"product_brand":[],"product_cat":[93],"product_tag":[],"class_list":{"0":"post-4461","1":"product","2":"type-product","3":"status-publish","4":"has-post-thumbnail","6":"product_cat-livres","7":"book_author-cheikh-khaled-bentounes","8":"book_publisher-jouvence","10":"first","11":"instock","12":"taxable","13":"shipping-taxable","14":"purchasable","15":"product-type-simple"},"_links":{"self":[{"href":"https:\/\/lemessage.com\/index.php\/wp-json\/wp\/v2\/product\/4461","targetHints":{"allow":["GET"]}}],"collection":[{"href":"https:\/\/lemessage.com\/index.php\/wp-json\/wp\/v2\/product"}],"about":[{"href":"https:\/\/lemessage.com\/index.php\/wp-json\/wp\/v2\/types\/product"}],"replies":[{"embeddable":true,"href":"https:\/\/lemessage.com\/index.php\/wp-json\/wp\/v2\/comments?post=4461"}],"wp:featuredmedia":[{"embeddable":true,"href":"https:\/\/lemessage.com\/index.php\/wp-json\/wp\/v2\/media\/4430"}],"wp:attachment":[{"href":"https:\/\/lemessage.com\/index.php\/wp-json\/wp\/v2\/media?parent=4461"}],"wp:term":[{"taxonomy":"product_brand","embeddable":true,"href":"https:\/\/lemessage.com\/index.php\/wp-json\/wp\/v2\/product_brand?post=4461"},{"taxonomy":"product_cat","embeddable":true,"href":"https:\/\/lemessage.com\/index.php\/wp-json\/wp\/v2\/product_cat?post=4461"},{"taxonomy":"product_tag","embeddable":true,"href":"https:\/\/lemessage.com\/index.php\/wp-json\/wp\/v2\/product_tag?post=4461"}],"curies":[{"name":"wp","href":"https:\/\/api.w.org\/{rel}","templated":true}]}}