{"id":4491,"date":"2018-10-21T17:07:06","date_gmt":"2018-10-21T15:07:06","guid":{"rendered":"https:\/\/lemessage.biz\/shop\/?post_type=product&#038;p=4491"},"modified":"2022-12-23T11:48:57","modified_gmt":"2022-12-23T10:48:57","slug":"chants-spirituels-de-mostaganem","status":"publish","type":"product","link":"https:\/\/lemessage.com\/index.php\/produit\/chants-spirituels-de-mostaganem\/","title":{"rendered":"Chants spirituels de Mostaganem"},"content":{"rendered":"<p>\u00ab\u00a0Les mystiques musulmans, qui s&rsquo;organisent en confr\u00e9ries soufies au d\u00e9but du XIXe si\u00e8cle, adopt\u00e8rent musique, danse et chant comme supports de m\u00e9ditation, comme moyens d&rsquo;acc\u00e9der \u00e0 des \u00e9tats de gr\u00e2ce ou d&rsquo;extase, ou simplement pour nourrir l&rsquo;\u00e2me en r\u00e9g\u00e9n\u00e9rant le corps et l&rsquo;esprit.<br \/>\nLa tradition islamique donne au sama&rsquo; une origine adamique : au moment o\u00f9 Dieu allait insuffler l&rsquo;esprit dans le corps de l&rsquo;\u00eatre primordial Adam, l&rsquo;esprit ne voulut pas rentrer dans cette prison d&rsquo;argile. Dieu demanda alors aux anges de r\u00e9citer Ses louanges et l&rsquo;esprit, charm\u00e9, commen\u00e7a \u00e0 fondre et \u00e0 entrer dans le corps. En cons\u00e9quence, le sama&rsquo; ou \u00ab\u00a0audition\u00a0\u00bb est l&rsquo;\u00e9coute spirituelle des sons&#8230;\u00a0\u00bb<\/p>\n","protected":false},"excerpt":{"rendered":"<p>\u00ab\u00a0Les mystiques musulmans, qui s&rsquo;organisent en confr\u00e9ries soufies au d\u00e9but du XIXe si\u00e8cle, adopt\u00e8rent musique, danse et chant comme supports de m\u00e9ditation, comme moyens d&rsquo;acc\u00e9der \u00e0 des \u00e9tats de gr\u00e2ce ou d&rsquo;extase, ou simplement pour nourrir l&rsquo;\u00e2me en r\u00e9g\u00e9n\u00e9rant le corps et l&rsquo;esprit.<br \/>\nLa tradition islamique donne au sama&rsquo; une origine adamique : au moment o\u00f9 Dieu allait insuffler l&rsquo;esprit dans le corps de l&rsquo;\u00eatre primordial Adam, l&rsquo;esprit ne voulut pas rentrer dans cette prison d&rsquo;argile. Dieu demanda alors aux anges de r\u00e9citer Ses louanges et l&rsquo;esprit, charm\u00e9, commen\u00e7a \u00e0 fondre et \u00e0 entrer dans le corps. En cons\u00e9quence, le sama&rsquo; ou \u00ab\u00a0audition\u00a0\u00bb est l&rsquo;\u00e9coute spirituelle des sons&#8230;\u00a0\u00bb<\/p>\n","protected":false},"featured_media":4492,"comment_status":"open","ping_status":"closed","template":"","meta":[],"product_brand":[],"product_cat":[76],"product_tag":[101,98],"class_list":{"0":"post-4491","1":"product","2":"type-product","3":"status-publish","4":"has-post-thumbnail","6":"product_cat-cd","7":"product_tag-nos-exclusivites","8":"product_tag-produits-lemessage","10":"first","11":"instock","12":"taxable","13":"shipping-taxable","14":"purchasable","15":"product-type-simple"},"_links":{"self":[{"href":"https:\/\/lemessage.com\/index.php\/wp-json\/wp\/v2\/product\/4491","targetHints":{"allow":["GET"]}}],"collection":[{"href":"https:\/\/lemessage.com\/index.php\/wp-json\/wp\/v2\/product"}],"about":[{"href":"https:\/\/lemessage.com\/index.php\/wp-json\/wp\/v2\/types\/product"}],"replies":[{"embeddable":true,"href":"https:\/\/lemessage.com\/index.php\/wp-json\/wp\/v2\/comments?post=4491"}],"wp:featuredmedia":[{"embeddable":true,"href":"https:\/\/lemessage.com\/index.php\/wp-json\/wp\/v2\/media\/4492"}],"wp:attachment":[{"href":"https:\/\/lemessage.com\/index.php\/wp-json\/wp\/v2\/media?parent=4491"}],"wp:term":[{"taxonomy":"product_brand","embeddable":true,"href":"https:\/\/lemessage.com\/index.php\/wp-json\/wp\/v2\/product_brand?post=4491"},{"taxonomy":"product_cat","embeddable":true,"href":"https:\/\/lemessage.com\/index.php\/wp-json\/wp\/v2\/product_cat?post=4491"},{"taxonomy":"product_tag","embeddable":true,"href":"https:\/\/lemessage.com\/index.php\/wp-json\/wp\/v2\/product_tag?post=4491"}],"curies":[{"name":"wp","href":"https:\/\/api.w.org\/{rel}","templated":true}]}}