{"id":4497,"date":"2018-10-21T19:32:02","date_gmt":"2018-10-21T17:32:02","guid":{"rendered":"https:\/\/lemessage.biz\/shop\/?post_type=product&#038;p=4497"},"modified":"2022-12-23T11:47:34","modified_gmt":"2022-12-23T10:47:34","slug":"la-fraternite-des-coeurs","status":"publish","type":"product","link":"https:\/\/lemessage.com\/index.php\/produit\/la-fraternite-des-coeurs\/","title":{"rendered":"La fraternit\u00e9 des c\u0153urs"},"content":{"rendered":"<ul>\n<li><b>Reliure :\u00a0<\/b>Broch\u00e9<\/li>\n<li>171\u00a0 pages<\/li>\n<li><b>Dimensions :<\/b>\u00a014.7 x 21.0 cm<\/li>\n<li><b>Editeur\u00a0:<\/b>\u00a0 Editions du Reli\u00e9<\/li>\n<li><b>Paru le<\/b>\u00a0:\u00a0 18 mars 2003<\/li>\n<li><b>Collection\u00a0:<\/b> T\u00e9moins spirituels<\/li>\n<li><b>ISBN :<\/b>\u00a0 \u00a0978-2914916066<\/li>\n<li><b>Langue\u00a0:<\/b>\u00a0Fran\u00e7ais<\/li>\n<li><b>Dimensions du produit:\u00a0<\/b>22,5 x 14 x 1,4 cm<\/li>\n<\/ul>\n","protected":false},"excerpt":{"rendered":"<p>Compos\u00e9 d&rsquo;extraits d&rsquo;articles de journaux <em>(El Morchid, Les Amis de l&rsquo;Islam) <\/em>et de correspondances, ce livre r\u00e9v\u00e8le combien le Cheikh Hadj &lsquo;Adda Bentoun\u00e8s (1898-1952) \u00e9tait un ma\u00eetre spirituel attentif aux pr\u00e9occupations et aux probl\u00e8mes de son \u00e9poque. Il montre la dimension mystique et visionnaire du personnage, car ses \u00e9crits du milieu du XX<sup>eme<\/sup> si\u00e8cle, dont certains ont \u00e9t\u00e9 r\u00e9dig\u00e9s au d\u00e9but de la guerre d&rsquo;Alg\u00e9rie, \u00e9clairent non seulement les probl\u00e8mes que rencontre l&rsquo;Islam, mais aussi l&rsquo;ignorance qui forge le jugement de l&rsquo;Occident sur le monde musulman.<\/p>\n<p>Un document spirituel in\u00e9dit pour d\u00e9couvrir ou approfondir la connaissance de l&rsquo;Islam et de sa mystique: le soufisme.<\/p>\n<p><em>Le Cheikh Adda Bentoun\u00e8s est l&rsquo;h\u00e9ritier spirituel du Cheikh Al- &lsquo;Alawi, fondateur de la confr\u00e9rie alg\u00e9rienne &lsquo;Alawiya, et le grand-p\u00e8re du Cheikh Khaled Bentoun\u00e8s, auteur de <\/em>L&rsquo;Homme int\u00e9rieur \u00e0 la Lumi\u00e8re du Coran (Albin Michel) <em>et <\/em>Le Soufisme au c\u0153ur de l&rsquo;Islam (Pocket), <em>qui signe l&rsquo;introduction du pr\u00e9sent ouvrage. <\/em><\/p>\n<p>&nbsp;<\/p>\n","protected":false},"featured_media":4498,"comment_status":"open","ping_status":"closed","template":"","meta":[],"product_brand":[],"product_cat":[93],"product_tag":[],"class_list":{"0":"post-4497","1":"product","2":"type-product","3":"status-publish","4":"has-post-thumbnail","6":"product_cat-livres","7":"book_author-cheikh-adda-bentounes","8":"book_publisher-editions-du-relie","10":"first","11":"instock","12":"sale","13":"taxable","14":"shipping-taxable","15":"purchasable","16":"product-type-simple"},"_links":{"self":[{"href":"https:\/\/lemessage.com\/index.php\/wp-json\/wp\/v2\/product\/4497","targetHints":{"allow":["GET"]}}],"collection":[{"href":"https:\/\/lemessage.com\/index.php\/wp-json\/wp\/v2\/product"}],"about":[{"href":"https:\/\/lemessage.com\/index.php\/wp-json\/wp\/v2\/types\/product"}],"replies":[{"embeddable":true,"href":"https:\/\/lemessage.com\/index.php\/wp-json\/wp\/v2\/comments?post=4497"}],"wp:featuredmedia":[{"embeddable":true,"href":"https:\/\/lemessage.com\/index.php\/wp-json\/wp\/v2\/media\/4498"}],"wp:attachment":[{"href":"https:\/\/lemessage.com\/index.php\/wp-json\/wp\/v2\/media?parent=4497"}],"wp:term":[{"taxonomy":"product_brand","embeddable":true,"href":"https:\/\/lemessage.com\/index.php\/wp-json\/wp\/v2\/product_brand?post=4497"},{"taxonomy":"product_cat","embeddable":true,"href":"https:\/\/lemessage.com\/index.php\/wp-json\/wp\/v2\/product_cat?post=4497"},{"taxonomy":"product_tag","embeddable":true,"href":"https:\/\/lemessage.com\/index.php\/wp-json\/wp\/v2\/product_tag?post=4497"}],"curies":[{"name":"wp","href":"https:\/\/api.w.org\/{rel}","templated":true}]}}