{"id":4512,"date":"2018-12-25T18:38:01","date_gmt":"2018-12-25T17:38:01","guid":{"rendered":"https:\/\/lemessage.biz\/?post_type=product&#038;p=4512"},"modified":"2022-12-23T11:48:57","modified_gmt":"2022-12-23T10:48:57","slug":"la-transmission-spirituelle","status":"publish","type":"product","link":"https:\/\/lemessage.com\/index.php\/produit\/la-transmission-spirituelle\/","title":{"rendered":"La transmission spirituelle"},"content":{"rendered":"<ul>\n<li><b>Reliure :\u00a0<\/b>Broch\u00e9<\/li>\n<li>168 pages<\/li>\n<li><b>Editeur\u00a0:<\/b>\u00a0 Editions du Reli\u00e9<\/li>\n<li><b>Paru le<\/b>\u00a0:\u00a0 19 janvier 2003<\/li>\n<li><b>Collection\u00a0:<\/b> T\u00e9moins spirituels<\/li>\n<li><b>ISBN :<\/b>\u00a0 978-2914916097<\/li>\n<li><b>Langue\u00a0:<\/b>\u00a0Fran\u00e7ais<\/li>\n<li><b>Dimensions du produit :\u00a0<\/b>22,5 x 14 x 1,8 cm<\/li>\n<\/ul>\n","protected":false},"excerpt":{"rendered":"<p>L&rsquo;indroduction a \u00e9t\u00e9 \u00e9crite par Yvan Amar, peu de temps avant sa mort.<\/p>\n<div class=\"texte-livre\">\n<p>Vouloir parler de la transmission, revient en somme passer en revue l\u2019histoire de l\u2019homme \u00e0 travers ses diff\u00e9rentes \u00e9volutions. Les civilisations, les cultures, les visages, les coutumes sont en effet le r\u00e9sultat de transmissions successives qui se sont effectu\u00e9es dans et \u00e0 travers le temps. Ce livre pose une question essentielle\u00a0: Comment peut-on transmettre de la conscience \u00e0 quelqu\u2019un\u00a0? Car l\u2019axe essentiel de toute spiritualit\u00e9 non d\u00e9natur\u00e9e est de rendre conscient. A ce niveau, la transmission devrait se passer entre quelqu\u2019un qui est conscient et quelqu\u2019un qui se trouve en d\u00e9ficit de conscience. L\u2019instructeur spirituel partage avec l\u2019autre la clart\u00e9 de conscience dans laquelle il se trouve afin de cr\u00e9er une ouverture et un suppl\u00e9ment d\u2019\u00e2me. C\u2019est l\u00e0 ce qui distingue la transmission spirituelle de l\u2019acte simple de transmettre un savoir ou des informations d\u2019ordre culturel, technique ou autre de g\u00e9n\u00e9ration en g\u00e9n\u00e9ration. Dans le cadre de la transmission de conscience, le paradoxe est qu\u2019il faut r\u00e9v\u00e9ler \u00e0 l\u2019autre, lui transmettre un \u00e9tat d\u2019\u00eatre qui se trouve d\u00e9j\u00e0 en lui. C\u2019est une th\u00e9rapie de l\u2019\u00e2me.<\/p>\n<p>Arnaud Desjardins est responsable du centre spirituel d&rsquo;Hauteville en Ard\u00e8che.<br \/>\nPhilippe Haddad est rabbin du consistoire de France.<br \/>\nCheikh Bentounes est guide spirituel de la confr\u00e9rie soufie Al\u00e2wiyya.<br \/>\nPeter Fenner, docteur en philosophie du bouddhisme, enseigne l&rsquo;histoire des religions \u00e0 l&rsquo;universit\u00e9 de Deakin en Australie.\n<\/p><\/div>\n","protected":false},"featured_media":4513,"comment_status":"open","ping_status":"closed","template":"","meta":[],"product_brand":[],"product_cat":[93],"product_tag":[],"class_list":{"0":"post-4512","1":"product","2":"type-product","3":"status-publish","4":"has-post-thumbnail","6":"product_cat-livres","7":"book_author-arnaud-desjardins","8":"book_author-cheikh-khaled-bentounes","9":"book_author-peter-fenner","10":"book_author-philippe-haddad","12":"first","13":"instock","14":"taxable","15":"shipping-taxable","16":"purchasable","17":"product-type-simple"},"_links":{"self":[{"href":"https:\/\/lemessage.com\/index.php\/wp-json\/wp\/v2\/product\/4512","targetHints":{"allow":["GET"]}}],"collection":[{"href":"https:\/\/lemessage.com\/index.php\/wp-json\/wp\/v2\/product"}],"about":[{"href":"https:\/\/lemessage.com\/index.php\/wp-json\/wp\/v2\/types\/product"}],"replies":[{"embeddable":true,"href":"https:\/\/lemessage.com\/index.php\/wp-json\/wp\/v2\/comments?post=4512"}],"wp:featuredmedia":[{"embeddable":true,"href":"https:\/\/lemessage.com\/index.php\/wp-json\/wp\/v2\/media\/4513"}],"wp:attachment":[{"href":"https:\/\/lemessage.com\/index.php\/wp-json\/wp\/v2\/media?parent=4512"}],"wp:term":[{"taxonomy":"product_brand","embeddable":true,"href":"https:\/\/lemessage.com\/index.php\/wp-json\/wp\/v2\/product_brand?post=4512"},{"taxonomy":"product_cat","embeddable":true,"href":"https:\/\/lemessage.com\/index.php\/wp-json\/wp\/v2\/product_cat?post=4512"},{"taxonomy":"product_tag","embeddable":true,"href":"https:\/\/lemessage.com\/index.php\/wp-json\/wp\/v2\/product_tag?post=4512"}],"curies":[{"name":"wp","href":"https:\/\/api.w.org\/{rel}","templated":true}]}}