{"id":57,"date":"2016-12-15T19:32:04","date_gmt":"2016-12-15T18:32:04","guid":{"rendered":"http:\/\/lemessage.biz\/shop\/?post_type=product&#038;p=57"},"modified":"2022-12-23T11:47:34","modified_gmt":"2022-12-23T10:47:34","slug":"57","status":"publish","type":"product","link":"https:\/\/lemessage.com\/index.php\/produit\/57\/","title":{"rendered":"Vivre l&rsquo;islam"},"content":{"rendered":"<ul>\n<li><b>Reliure :\u00a0<\/b>Poche<\/li>\n<li>290\u00a0\u00a0pages<\/li>\n<li><b>Dimensions :<\/b>\u00a0 1.4 x 11.0 x 17.2 cm<\/li>\n<li><b>Poids\u00a0:<\/b>\u00a0222.3g<\/li>\n<li><b>Editeur\u00a0:<\/b>\u00a0\u00a0\u00a0Editions Albin Michel<\/li>\n<li><b>Paru le<\/b>\u00a0:\u00a0\u00a022 mars 2006<\/li>\n<li><b>Collection\u00a0:<\/b>\u00a0Espaces libres<\/li>\n<li><b>ISBN :<\/b>\u00a0\u00a02226157093<\/li>\n<li><b>EAN13 :<\/b>\u00a0 9782226157096<\/li>\n<li><b>Classe Dewey\u00a0:<\/b>\u00a0 297.4<\/li>\n<li><b>Langue\u00a0:<\/b>\u00a0Fran\u00e7ais<\/li>\n<\/ul>\n","protected":false},"excerpt":{"rendered":"<p>Contrairement aux pr\u00e9jug\u00e9s trop r\u00e9pandus, il existe dans l&rsquo;islam une dimension de paix, de fraternit\u00e9 et d&rsquo;humanisme qui s&rsquo;enracine au coeur du message coranique. Le Cheikh Khaled Bentoun\u00e8s, ma\u00eetre spirituel de la voie soufie Alawiya, puise au plus profond de la tradition proph\u00e9tique pour \u00e9voquer les relations entre Islam et Occident, la place de la femme dans l&rsquo;islam, les causes de l&rsquo;int\u00e9grisme, l&rsquo;h\u00e9ritage religieux de l&rsquo;Alg\u00e9rie, mais aussi le r\u00f4le spirituel de l&rsquo;homme, le sens de la pri\u00e8re et du je\u00fbne&#8230; D&rsquo;une parole sinc\u00e8re et libre, il montre comment le soufisme, l&rsquo;aspect mystique de l&rsquo;islam, unit l&rsquo;\u00e9sot\u00e9rique et l&rsquo;exot\u00e9rique au fondement de l&rsquo;exp\u00e9rience humaine. Ce livre s&rsquo;adresse \u00e0 tous ceux qui sentent l&rsquo;urgence de comprendre l&rsquo;Islam et sa spiritualit\u00e9, non seulement pour dissiper les malentendus, mais encore pour retrouver le lien originel entre l&rsquo;homme et Dieu.<\/p>\n","protected":false},"featured_media":4460,"comment_status":"open","ping_status":"closed","template":"","meta":[],"product_brand":[],"product_cat":[93],"product_tag":[],"class_list":{"0":"post-57","1":"product","2":"type-product","3":"status-publish","4":"has-post-thumbnail","6":"product_cat-livres","7":"book_author-cheikh-khaled-bentounes","9":"first","10":"instock","11":"taxable","12":"shipping-taxable","13":"purchasable","14":"product-type-simple"},"_links":{"self":[{"href":"https:\/\/lemessage.com\/index.php\/wp-json\/wp\/v2\/product\/57","targetHints":{"allow":["GET"]}}],"collection":[{"href":"https:\/\/lemessage.com\/index.php\/wp-json\/wp\/v2\/product"}],"about":[{"href":"https:\/\/lemessage.com\/index.php\/wp-json\/wp\/v2\/types\/product"}],"replies":[{"embeddable":true,"href":"https:\/\/lemessage.com\/index.php\/wp-json\/wp\/v2\/comments?post=57"}],"wp:featuredmedia":[{"embeddable":true,"href":"https:\/\/lemessage.com\/index.php\/wp-json\/wp\/v2\/media\/4460"}],"wp:attachment":[{"href":"https:\/\/lemessage.com\/index.php\/wp-json\/wp\/v2\/media?parent=57"}],"wp:term":[{"taxonomy":"product_brand","embeddable":true,"href":"https:\/\/lemessage.com\/index.php\/wp-json\/wp\/v2\/product_brand?post=57"},{"taxonomy":"product_cat","embeddable":true,"href":"https:\/\/lemessage.com\/index.php\/wp-json\/wp\/v2\/product_cat?post=57"},{"taxonomy":"product_tag","embeddable":true,"href":"https:\/\/lemessage.com\/index.php\/wp-json\/wp\/v2\/product_tag?post=57"}],"curies":[{"name":"wp","href":"https:\/\/api.w.org\/{rel}","templated":true}]}}